{"id":77,"date":"2017-07-23T22:32:34","date_gmt":"2017-07-24T01:32:34","guid":{"rendered":"http:\/\/gscom.com.ar\/gscom2\/?page_id=77"},"modified":"2017-09-17T11:33:20","modified_gmt":"2017-09-17T14:33:20","slug":"inicio","status":"publish","type":"page","link":"http:\/\/gscom.com.ar\/gscom2\/","title":{"rendered":"Inicio"},"content":{"rendered":"<p><img loading=\"lazy\" decoding=\"async\" src=\"http:\/\/gscom.com.ar\/gscom2\/wp-content\/uploads\/2017\/07\/comunicaciones_unificadas.jpg\" alt=\"comunicaciones_unificadas\" width=\"320\" height=\"282\" \/><br \/>\n<img loading=\"lazy\" decoding=\"async\" src=\"http:\/\/gscom.com.ar\/gscom2\/wp-content\/uploads\/2017\/07\/telefonia-ip-150x150.jpg\" alt=\"telefonia-ip\" width=\"150\" height=\"150\" \/><br \/>\n<img loading=\"lazy\" decoding=\"async\" src=\"http:\/\/gscom.com.ar\/gscom2\/wp-content\/uploads\/2017\/07\/IP_24d_U_bk_wall_high-150x150.jpg\" alt=\"IP_24d_U_bk_wall_high\" width=\"150\" height=\"150\" \/><br \/>\nEn GSCOM logramos nuestros objetivos Integrando las herramientas tecnol\u00f3gicas m\u00e1s avanzadas y confiables para resolver los requerimientos del cliente. Optimizando los recursos existentes y Reafirmando el compromiso de alta calidad de servicio.<br \/>\nEl Servicio de auditor\u00edas externas para el control y gesti\u00f3n de llamados telef\u00f3nicos, sistema INFOCALL auditor\u00eda que permite al cliente el an\u00e1lisis y optimizaci\u00f3n inmediata de sus costos en comunicaciones sin invertir en hardware, ni en software, como as\u00ed tampoco en recursos Humanos.<br \/>\n<img loading=\"lazy\" decoding=\"async\" src=\"http:\/\/gscom.com.ar\/gscom2\/wp-content\/uploads\/2017\/07\/NEC_1.jpg\" alt=\"NEC_1\" width=\"277\" height=\"74\" \/><br \/>\n<img loading=\"lazy\" decoding=\"async\" src=\"http:\/\/gscom.com.ar\/gscom2\/wp-content\/uploads\/2017\/07\/cen.jpg\" alt=\"cen\" width=\"274\" height=\"90\" \/><br \/>\n<a href=\"http:\/\/qr.afip.gob.ar\/?qr=2fuGM_yfpJhMS6EGziX8fw,,\" target=\"_F960AFIPInfo\"><img decoding=\"async\" style=\"width: 50px;\" src=\"http:\/\/www.afip.gob.ar\/images\/f960\/DATAWEB.jpg\" border=\"0\" \/><\/a><\/p>\n","protected":false},"excerpt":{"rendered":"<div class=\"mh-excerpt\"><div class=\"mh-excerpt\">\n<p>En GSCOM logramos nuestros objetivos Integrando las herramientas tecnol\u00f3gicas m\u00e1s avanzadas y confiables para resolver los requerimientos del cliente. Optimizando los recursos existentes y Reafirmando <a class=\"mh-excerpt-more\" href=\"http:\/\/gscom.com.ar\/gscom2\/\" title=\"Inicio\">[&#8230;]<\/a><\/p>\n<\/div>\n<\/div>","protected":false},"author":1,"featured_media":0,"parent":0,"menu_order":0,"comment_status":"closed","ping_status":"closed","template":"","meta":{"footnotes":""},"class_list":["post-77","page","type-page","status-publish","hentry"],"_links":{"self":[{"href":"http:\/\/gscom.com.ar\/gscom2\/wp-json\/wp\/v2\/pages\/77","targetHints":{"allow":["GET"]}}],"collection":[{"href":"http:\/\/gscom.com.ar\/gscom2\/wp-json\/wp\/v2\/pages"}],"about":[{"href":"http:\/\/gscom.com.ar\/gscom2\/wp-json\/wp\/v2\/types\/page"}],"author":[{"embeddable":true,"href":"http:\/\/gscom.com.ar\/gscom2\/wp-json\/wp\/v2\/users\/1"}],"replies":[{"embeddable":true,"href":"http:\/\/gscom.com.ar\/gscom2\/wp-json\/wp\/v2\/comments?post=77"}],"version-history":[{"count":10,"href":"http:\/\/gscom.com.ar\/gscom2\/wp-json\/wp\/v2\/pages\/77\/revisions"}],"predecessor-version":[{"id":126,"href":"http:\/\/gscom.com.ar\/gscom2\/wp-json\/wp\/v2\/pages\/77\/revisions\/126"}],"wp:attachment":[{"href":"http:\/\/gscom.com.ar\/gscom2\/wp-json\/wp\/v2\/media?parent=77"}],"curies":[{"name":"wp","href":"https:\/\/api.w.org\/{rel}","templated":true}]}}