{"id":51,"date":"2017-07-23T21:50:10","date_gmt":"2017-07-24T00:50:10","guid":{"rendered":"http:\/\/gscom.com.ar\/gscom2\/?page_id=51"},"modified":"2017-07-23T23:17:35","modified_gmt":"2017-07-24T02:17:35","slug":"quienes-somos","status":"publish","type":"page","link":"http:\/\/gscom.com.ar\/gscom2\/quienes-somos\/","title":{"rendered":"Quienes somos"},"content":{"rendered":"<p>\t<b>GSCOM<\/b> Surge en el a\u00f1o 1990 para dar servicio al parque de centrales telef\u00f3nicas GTE. Esta Corporaci\u00f3n fue la primera en el pa\u00eds en implementar PBX totalmente electr\u00f3nicas. Nuestros t\u00e9cnicos fueron formados en ese entorno. Fuimos testigos del recambio de tecnolog\u00eda que migr\u00f3 de un ambiente dominado por la conmutaci\u00f3n electromec\u00e1nica a sistemas de conmutaci\u00f3n temporal y digital electr\u00f3nico (TDM y PCM). Con esta impronta pudimos afrontar los vertiginosos cambios que surgieron en las comunicaciones en el \u00faltimo lustro.<\/p>\n<p>En <b>GSCOM<\/b> desarrollamos soluciones combinando Telecomunicaciones y Tecnolog\u00edas de Informaci\u00f3n. En la actualidad, la complejidad en la gesti\u00f3n de las empresas, ha hecho que los sistemas de informaci\u00f3n sean determinantes para un proceso correcto en la toma de decisiones. Es por ello que r\u00e1pidamente incorporamos los \u00faltimos avances tecnol\u00f3gicos en comunicaciones y sistemas de informaci\u00f3n, mantenimiento e instalaci\u00f3n de sistemas telef\u00f3nicos, redes de Voz y Datos, Cableados estructurados, Centrales Telef\u00f3nicas y PBX orientadas a VoIP. Auditor\u00edas y software de gesti\u00f3n para el control de tr\u00e1fico y consumos.<br \/>\n\t\t\t\t<img loading=\"lazy\" decoding=\"async\" src=\"http:\/\/gscom.com.ar\/gscom2\/wp-content\/uploads\/2017\/07\/instit1.jpg\" alt=\"instit1\" itemprop=\"image\" height=\"386\" width=\"246\"  \/><\/p>\n<h3>PBX del Anal\u00f3gicas<\/h3>\n<p> Somos agentes Oficiales de NEC. manejamos todas las familias de productos <\/p>\n<h3>PBX convergentes IP<\/h3>\n<p> servidores de VoIP NEC de la l\u00ednea Univerge 360, SV 8100, 8300 y 8500: nuestros t\u00e9cnicos se encuentran certificados para configurar dichos servidores desde cero, como pueden ser las puestas en marchas, como as\u00ed tambi\u00e9n para el desarrollo de aplicaciones espec\u00edficas (IVR, ACD, controles de tr\u00e1fico, etc.) o programaciones de cualquier tipo, incluyendo perif\u00e9ricos (FXS, FXO, y todo tipo de gateway y dispositivo de VoIP)<\/p>\n<h3>Redes<\/h3>\n<p> Redes de Cableado Estructurado. CAT 5E y 6. Tendidos de FO.<\/p>\n<h3>Auditorias<\/h3>\n<p> Software de Tarifaci\u00f3n INFOCALL y Servicio de Auditoria Telef\u00f3nica INFOCALL<br \/>\nServicio de Auditor\u00eda para el control de costos y facturaci\u00f3n sobre Flota de Celulares<br \/>\nINFOCALL es marca registrada. El software y los dispositivos que componen el servicio de auditoria fueron desarrollados por nuestro departamento de software.<\/p>\n<h3>Mantenimiento<\/h3>\n<p> Se lleva a cabo en el horario de oficina, cubriendo las necesidades simples de cualquier Sistema de comunicaciones.<\/p>\n<h3>Instalaciones<\/h3>\n<p> Este servicio se realiza en el horario en que el cliente lo crea conveniente, pudiendo ser fuera de horario de oficina, en fines de semana y\/o feriados.<\/p>\n<h3>Urgencias<\/h3>\n<p> Este cubre la atenci\u00f3n en las 2horas de recibido el pedido, necesaria en aquellas fallas graves que se susciten en cualquier momento del d\u00eda, aun fuera del horario de oficina.<\/p>\n<h3>Abonos de Mantenimiento<\/h3>\n<p> Combinando cualquiera de los servicios mencionados anteriormente, \u00e9ste ser\u00e1 seg\u00fan vuestra necesidad, y el mismo actuar\u00e1 como un \u201cSeguro de Servicio\u201d sobre su sistema.<\/p>\n<h3>Voz y Datos:<\/h3>\n<p>Proyectos de redes estructuradas nuevas y\/o ampliaci\u00f3n de existentes.<br \/>\nTendido y conexionado de Redes estructuradas.<br \/>\nMediciones y certificaciones para CAT 6, seg\u00fan normas EIA\/TIA 568.<br \/>\nCableado de Racks y Patcheras.<br \/>\nTendido y conexi\u00f3n de redes de tensi\u00f3n estabilizada.<br \/>\nTensi\u00f3n Estabilizada:<br \/>\nTendido y conexi\u00f3n de redes de tensi\u00f3n estabilizada.<br \/>\nTableros, estabilizadores, UPS.<\/p>\n<h3>Comunicaciones<\/h3>\n<p>Proyectos integrales para nuevos emprendimientos y\/o modificaci\u00f3n de instalaciones existentes.<br \/>\nMontaje de redes, montantes y derivaciones telef\u00f3nicas.<br \/>\nCableado de Distribuidores Generales y Cajas de Distribuci\u00f3n.<br \/>\nModificaciones, traslados y cambios de Redes.<br \/>\nProvisi\u00f3n y montaje de equipos y sistemas telef\u00f3nicos.<br \/>\nProgramaci\u00f3n, prueba y puesta en servicio de centrales telef\u00f3nicas de todas las capacidades.<\/p>\n<h3>Sistemas Especiales<\/h3>\n<p>Callcenter, Sistemas de Atenci\u00f3n Autom\u00e1tica, Voice Mail, Fax Mail, IVR, conexi\u00f3n a base de datos, Telemarketing, Entrante y\/o Saliente, Audio Texto.<br \/>\nSistemas de Buscapersonas., proyecto de redes de Altavoces.<br \/>\nProvisi\u00f3n de equipos de amplificaci\u00f3n, bocinas, parlantes, transformadores etc.<br \/>\n\t\t\t\t<img loading=\"lazy\" decoding=\"async\" src=\"http:\/\/gscom.com.ar\/gscom2\/wp-content\/uploads\/2017\/07\/instit3.jpg\" alt=\"instit3\" itemprop=\"image\" height=\"391\" width=\"249\"  \/><br \/>\n\t\t\t\t<img loading=\"lazy\" decoding=\"async\" src=\"http:\/\/gscom.com.ar\/gscom2\/wp-content\/uploads\/2017\/07\/instit2.jpg\" alt=\"instit2\" itemprop=\"image\" height=\"332\" width=\"250\"  \/><\/p>\n","protected":false},"excerpt":{"rendered":"<div class=\"mh-excerpt\"><div class=\"mh-excerpt\">\n<p>GSCOM Surge en el a\u00f1o 1990 para dar servicio al parque de centrales telef\u00f3nicas GTE. Esta Corporaci\u00f3n fue la primera en el pa\u00eds en implementar <a class=\"mh-excerpt-more\" href=\"http:\/\/gscom.com.ar\/gscom2\/quienes-somos\/\" title=\"Quienes somos\">[&#8230;]<\/a><\/p>\n<\/div>\n<\/div>","protected":false},"author":1,"featured_media":0,"parent":0,"menu_order":0,"comment_status":"closed","ping_status":"closed","template":"template-full.php","meta":{"footnotes":""},"class_list":["post-51","page","type-page","status-publish","hentry"],"_links":{"self":[{"href":"http:\/\/gscom.com.ar\/gscom2\/wp-json\/wp\/v2\/pages\/51","targetHints":{"allow":["GET"]}}],"collection":[{"href":"http:\/\/gscom.com.ar\/gscom2\/wp-json\/wp\/v2\/pages"}],"about":[{"href":"http:\/\/gscom.com.ar\/gscom2\/wp-json\/wp\/v2\/types\/page"}],"author":[{"embeddable":true,"href":"http:\/\/gscom.com.ar\/gscom2\/wp-json\/wp\/v2\/users\/1"}],"replies":[{"embeddable":true,"href":"http:\/\/gscom.com.ar\/gscom2\/wp-json\/wp\/v2\/comments?post=51"}],"version-history":[{"count":8,"href":"http:\/\/gscom.com.ar\/gscom2\/wp-json\/wp\/v2\/pages\/51\/revisions"}],"predecessor-version":[{"id":95,"href":"http:\/\/gscom.com.ar\/gscom2\/wp-json\/wp\/v2\/pages\/51\/revisions\/95"}],"wp:attachment":[{"href":"http:\/\/gscom.com.ar\/gscom2\/wp-json\/wp\/v2\/media?parent=51"}],"curies":[{"name":"wp","href":"https:\/\/api.w.org\/{rel}","templated":true}]}}