{"id":38,"date":"2017-07-23T21:43:55","date_gmt":"2017-07-24T00:43:55","guid":{"rendered":"http:\/\/gscom.com.ar\/gscom2\/?page_id=38"},"modified":"2017-09-17T15:02:34","modified_gmt":"2017-09-17T18:02:34","slug":"seguridad","status":"publish","type":"page","link":"http:\/\/gscom.com.ar\/gscom2\/seguridad\/","title":{"rendered":"Seguridad"},"content":{"rendered":"<p>Soluciones de Seguridad llave en mano. Brindamos la experiencia y tranquilidad que su empresa necesita. Nos basamos en las necesidades propias de cada empresa.<\/p>\n<h2 style=\"text-align: center;\">\u00a0CCTV &amp; Videovigilancia<\/h2>\n<h3 style=\"text-align: center;\">Soluciones HIKVISION<\/h3>\n<p><img loading=\"lazy\" decoding=\"async\" src=\"http:\/\/gscom.com.ar\/gscom2\/wp-content\/uploads\/2017\/07\/hikvision.png\" alt=\"\" width=\"197\" height=\"33\" \/><\/p>\n<p>Hikvision es l\u00edder mundial en el suministro de soluciones y de productos de videovigilancia y seguridad electr\u00f3nica. Contando con el m\u00e1s fuerte equipo de I+D de la industria mundial, Hikvision proyecta, desarrolla y fabrica c\u00e1maras de alta tecnolog\u00eda y de alta definici\u00f3n, incluyendo una variedad de c\u00e1maras IP, c\u00e1maras anal\u00f3gicas y c\u00e1maras que presentan lo m\u00e1s moderno en tecnolog\u00eda anal\u00f3gica de alta definici\u00f3n. El portfolio de productos de Hikvision tambi\u00e9n incluye servidores de v\u00eddeo digital, DVRs h\u00edbridos y aut\u00f3nomos, NVRs, dispositivos avanzados de control de acceso, alarma, v\u00eddeo portero y otros elementos de sistemas de seguridad para el uso tanto en ambientes internos como externos.<br \/>\nLa filosof\u00eda de Hikvision es proteger el mundo, empresas, ciudades y seres humanos, por lo tanto, sus principios de marca est\u00e1n pautados en la innovaci\u00f3n, sofisticaci\u00f3n, alta tecnolog\u00eda y precio democr\u00e1tico. Piense Nuevo. Piense Hikvision.<\/p>\n<p><a href=\"http:\/\/gscom.com.ar\/gscom2\/wp-content\/uploads\/2017\/07\/HIKVISION-Turbo-3.0.pdf\" target=\"_blank\" rel=\"noopener\"> Brochure HIKVISION Turbo 3.0<\/a> <a href=\"http:\/\/gscom.com.ar\/gscom2\/wp-content\/uploads\/2017\/07\/HIKVISION-Turbo-4.0.pdf\" target=\"_blank\" rel=\"noopener\"> Brochure HIKVISION Turbo 4.0<\/a><\/p>\n<h2 style=\"text-align: center;\">Control de accesos<\/h2>\n<p>La identificaci\u00f3n y el registro preciso de ingreso \/ egreso de veh\u00edculos, personas (empleados, visitas, proveedores, personal de mantenimiento, guardias, etc) es la clave para mejorar la seguridad. Contamos con la experiencia necesaria y disponemos de dispositivos de alta calidad: molinetes, barreras, detectores, cerraduras, sensores, registradores biom\u00e9tricos, tarjetas, teclados y softwares. Cuente con nuestros expertos en control de accesos para asesorarlo en los productos o sistemas mas adecuados a sus necesidades.<\/p>\n","protected":false},"excerpt":{"rendered":"<div class=\"mh-excerpt\"><div class=\"mh-excerpt\">\n<p>Soluciones de Seguridad llave en mano. Brindamos la experiencia y tranquilidad que su empresa necesita. Nos basamos en las necesidades propias de cada empresa. \u00a0CCTV <a class=\"mh-excerpt-more\" href=\"http:\/\/gscom.com.ar\/gscom2\/seguridad\/\" title=\"Seguridad\">[&#8230;]<\/a><\/p>\n<\/div>\n<\/div>","protected":false},"author":1,"featured_media":0,"parent":0,"menu_order":0,"comment_status":"closed","ping_status":"closed","template":"","meta":{"footnotes":""},"class_list":["post-38","page","type-page","status-publish","hentry"],"_links":{"self":[{"href":"http:\/\/gscom.com.ar\/gscom2\/wp-json\/wp\/v2\/pages\/38","targetHints":{"allow":["GET"]}}],"collection":[{"href":"http:\/\/gscom.com.ar\/gscom2\/wp-json\/wp\/v2\/pages"}],"about":[{"href":"http:\/\/gscom.com.ar\/gscom2\/wp-json\/wp\/v2\/types\/page"}],"author":[{"embeddable":true,"href":"http:\/\/gscom.com.ar\/gscom2\/wp-json\/wp\/v2\/users\/1"}],"replies":[{"embeddable":true,"href":"http:\/\/gscom.com.ar\/gscom2\/wp-json\/wp\/v2\/comments?post=38"}],"version-history":[{"count":3,"href":"http:\/\/gscom.com.ar\/gscom2\/wp-json\/wp\/v2\/pages\/38\/revisions"}],"predecessor-version":[{"id":148,"href":"http:\/\/gscom.com.ar\/gscom2\/wp-json\/wp\/v2\/pages\/38\/revisions\/148"}],"wp:attachment":[{"href":"http:\/\/gscom.com.ar\/gscom2\/wp-json\/wp\/v2\/media?parent=38"}],"curies":[{"name":"wp","href":"https:\/\/api.w.org\/{rel}","templated":true}]}}