{"id":106,"date":"2017-09-13T23:11:01","date_gmt":"2017-09-14T02:11:01","guid":{"rendered":"http:\/\/gscom.com.ar\/gscom2\/?page_id=106"},"modified":"2017-09-24T11:41:08","modified_gmt":"2017-09-24T14:41:08","slug":"servicios","status":"publish","type":"page","link":"http:\/\/gscom.com.ar\/gscom2\/servicios\/","title":{"rendered":"Servicios"},"content":{"rendered":"<h2>Abono de mantenimiento<\/h2>\n<p>\tContamos con personal t\u00e9cnico altamente capacitado para prestar los servicios de Mantenimiento.<br \/>\nEl servicio de Mantenimiento, cuenta con los beneficios de: inspecci\u00f3n, limpieza y ajuste de todo el equipamiento del cliente,<br \/>\ncon la garant\u00eda de un perfecto funcionamiento.<br \/>\n\tLa inspecci\u00f3n, se har\u00e1 una vez por mes, procediendo a verificar y\/o reparar las partes que fuesen necesarias para el buen funcionamiento del equipo.<br \/>\nEn caso de que fuere necesario sustituir y\/o reparar piezas, se podr\u00e1 proceder a realizarlo sin cargo alguno para el cliente abonado.&#8221;<\/p>\n<h2>Software de tarifaci\u00f3n<\/h2>\n<p>Sab\u00eda que el 90% de las Empresas puede disminuir sus costos mediante el an\u00e1lisis y la optimizaci\u00f3n de su Sistema Telef\u00f3nico?<br \/>\n\t<meta itemprop=\"url\" content=\"http:\/\/gscom.com.ar\/gscom2\/wp-content\/uploads\/2017\/09\/Presentacion_Infocall.mp4\" \/><meta itemprop=\"thumbnail\" content=\"\" \/><div style=\"width: 100px;\" class=\"wp-video\"><video class=\"wp-video-shortcode\" id=\"video-106-1\" width=\"100\" height=\"100\" preload=\"none\" controls=\"controls\"><source type=\"video\/mp4\" src=\"http:\/\/gscom.com.ar\/gscom2\/wp-content\/uploads\/2017\/09\/Presentacion_Infocall.mp4?_=1\" \/><a href=\"http:\/\/gscom.com.ar\/gscom2\/wp-content\/uploads\/2017\/09\/Presentacion_Infocall.mp4\">http:\/\/gscom.com.ar\/gscom2\/wp-content\/uploads\/2017\/09\/Presentacion_Infocall.mp4<\/a><\/video><\/div><\/p>\n<h2>C\u00e1maras de vigilancia<\/h2>\n<h2><img loading=\"lazy\" decoding=\"async\" src=\"http:\/\/gscom.com.ar\/gscom2\/wp-content\/uploads\/2017\/09\/Camaras1.jpg\" alt=\"\" width=\"1000\" height=\"461\" \/><\/h2>\n<p>&nbsp;<\/p>\n<p>\t\t\t\t<img loading=\"lazy\" decoding=\"async\" src=\"http:\/\/gscom.com.ar\/gscom2\/wp-content\/uploads\/2017\/09\/Camaras3.jpg\" alt=\"Camaras3\" itemprop=\"image\" height=\"1536\" width=\"1414\"  \/><\/p>\n<p><img loading=\"lazy\" decoding=\"async\" src=\"http:\/\/gscom.com.ar\/gscom2\/wp-content\/uploads\/2017\/09\/Camaras2-1.png\" alt=\"\" width=\"534\" height=\"633\" \/><\/p>\n<h2>Cercas perimetrales<\/h2>\n<p>\u00a1Protege lo que realmente importa!<\/p>\n<p>Disuade, detecta y repele. Aplicable en residencias, barrios cerrados, industrias, parques industriales, etc.<\/p>\n<p>Sencilla instalaci\u00f3n.<\/p>\n<p>Aviso de alarma:<\/p>\n<p>Por descarga<br \/>\nPor corte de conductor (positivo o negativo)<br \/>\nPor sabotaje (tamper en gabinete)<\/p>\n<p>Salidas:<\/p>\n<p>Salida de sirena de 500mA con tiempo programable<br \/>\nSalida de Relay NA\/NC con tiempo programable<br \/>\nSalida de Relay NA\/NC con tiempo fijo<\/p>\n<p>Entradas:<\/p>\n<p>Para TX (control remoto)<br \/>\nEntrada de alarma NA\/NC<\/p>\n<p>Gabinete pl\u00e1stico alto impacto estanco para exterior IP65<br \/>\nProtecci\u00f3n con fusibles independientes para bater\u00eda y 220V<\/p>\n<p>\t\t\t\t<img loading=\"lazy\" decoding=\"async\" src=\"http:\/\/gscom.com.ar\/gscom2\/wp-content\/uploads\/2017\/09\/Cercas-tabla.jpg\" alt=\"Cercas tabla\" itemprop=\"image\" height=\"777\" width=\"1428\"  \/><br \/>\n\t\t\t\t<img loading=\"lazy\" decoding=\"async\" src=\"http:\/\/gscom.com.ar\/gscom2\/wp-content\/uploads\/2017\/09\/Cercas-elementos.jpg\" alt=\"Cercas elementos\" itemprop=\"image\" height=\"825\" width=\"1575\"  \/><\/p>\n","protected":false},"excerpt":{"rendered":"<div class=\"mh-excerpt\"><div class=\"mh-excerpt\">\n<p>Abono de mantenimiento Contamos con personal t\u00e9cnico altamente capacitado para prestar los servicios de Mantenimiento. El servicio de Mantenimiento, cuenta con los beneficios de: inspecci\u00f3n, <a class=\"mh-excerpt-more\" href=\"http:\/\/gscom.com.ar\/gscom2\/servicios\/\" title=\"Servicios\">[&#8230;]<\/a><\/p>\n<\/div>\n<\/div>","protected":false},"author":1,"featured_media":0,"parent":0,"menu_order":0,"comment_status":"closed","ping_status":"closed","template":"","meta":{"footnotes":""},"class_list":["post-106","page","type-page","status-publish","hentry"],"_links":{"self":[{"href":"http:\/\/gscom.com.ar\/gscom2\/wp-json\/wp\/v2\/pages\/106","targetHints":{"allow":["GET"]}}],"collection":[{"href":"http:\/\/gscom.com.ar\/gscom2\/wp-json\/wp\/v2\/pages"}],"about":[{"href":"http:\/\/gscom.com.ar\/gscom2\/wp-json\/wp\/v2\/types\/page"}],"author":[{"embeddable":true,"href":"http:\/\/gscom.com.ar\/gscom2\/wp-json\/wp\/v2\/users\/1"}],"replies":[{"embeddable":true,"href":"http:\/\/gscom.com.ar\/gscom2\/wp-json\/wp\/v2\/comments?post=106"}],"version-history":[{"count":9,"href":"http:\/\/gscom.com.ar\/gscom2\/wp-json\/wp\/v2\/pages\/106\/revisions"}],"predecessor-version":[{"id":165,"href":"http:\/\/gscom.com.ar\/gscom2\/wp-json\/wp\/v2\/pages\/106\/revisions\/165"}],"wp:attachment":[{"href":"http:\/\/gscom.com.ar\/gscom2\/wp-json\/wp\/v2\/media?parent=106"}],"curies":[{"name":"wp","href":"https:\/\/api.w.org\/{rel}","templated":true}]}}